{"id":4769,"date":"2023-04-26T07:47:11","date_gmt":"2023-04-26T07:47:11","guid":{"rendered":"https:\/\/goviceversa.com\/?page_id=4769"},"modified":"2025-06-17T08:58:25","modified_gmt":"2025-06-17T08:58:25","slug":"terms-of-service","status":"publish","type":"page","link":"https:\/\/goviceversa.com\/it\/terms-of-service\/","title":{"rendered":"Terms of Service"},"content":{"rendered":"\n<h2 class=\"wp-block-heading\">1. PREMESSA<\/h2>\n\n\n\n<ol class=\"wp-block-list\">\n<li>Viceversa S.r.l., con sede legale in Via Bernardo Quaranta 40, 20139, Milan, numero Rea: MI-25976, P.IVA: 11364640968 (di seguito <strong>Viceversa<\/strong>), \u00e8 titolare e gestisce la piattaforma goviceversa.com, accessibile dal sito<a href=\"http:\/\/www.goviceversa.com\/\"> www.goviceversa.com<\/a>.<\/li>\n\n\n\n<li>La piattaforma eroga servizi di analisi di carattere commerciale e finanziario. I servizi sono, altres\u00ec, finalizzati al compimento di una valutazione preliminare gratuita per il possibile accesso al <strong>Servizio Funding<\/strong> e\/o al <strong>Servizio Pulse<\/strong>, separatamente o congiuntamente attivabili, da disciplinarsi eventualmente in un apposito e separato contratto di <em>Partnership<\/em> con la societ\u00e0 Viceversa Capital Limited, in conformit\u00e0 all\u2019Intra-Group Mutual Services Agreement sottoscritto da quest\u2019ultima e Viceversa S.r.l. .<\/li>\n\n\n\n<li>I presenti Terms of Service stabiliscono i termini e le condizioni di utilizzo del sito https:\/\/goviceversa.com\/ (di seguito, <strong>Sito<\/strong>) e della piattaforma accessibili all\u2019indirizzo www.portal.goviceversa.com (di seguito, <strong>Piattaforma<\/strong>) di Viceversa.<\/li>\n<\/ol>\n\n\n\n<h2 class=\"wp-block-heading\">2. DEFINIZIONI<\/h2>\n\n\n\n<ol class=\"wp-block-list\">\n<li><strong><em>Account<\/em><\/strong><em>:<\/em> insieme di funzionalit\u00e0, di strumenti e di contenuti attribuiti ad un particolare utente che, a sua volta, appartiene a una determinata organizzazione aziendale.<\/li>\n\n\n\n<li><strong><em>Azienda Cliente<\/em><\/strong>: la persona giuridica che agendo nell&#8217;esercizio della propria attivit\u00e0 imprenditoriale, commerciale, artigianale o professionale, ovvero un intermediario della stessa, intende fruire dei Servizi offerti e accessibili tramite il Sito www.goviceversa.com;<\/li>\n\n\n\n<li><strong><em>Dataset<\/em><\/strong>: si intendono le banche dati rese disponibili a Viceversa attraverso il collegamento dei Marketing Accounts, dei Sales Accounts e dei Payments Accounts con la Piattaforma;<\/li>\n\n\n\n<li><strong><em>Partnership<\/em><\/strong>: si intende l\u2019Accordo di \u201cassociazione in partecipazione\u201d ai sensi dell\u2019art. 2549 c.c. che Viceversa Capital Limited e l\u2019Azienda Cliente possono stipulare all\u2019esito della valutazione preliminare.<\/li>\n\n\n\n<li><strong><em>Piattaforma<\/em><\/strong><em>: <\/em>il complesso dei Servizi accessibili tramite l\u2019indirizzo web www.portal.goviceversa.com.<\/li>\n\n\n\n<li><strong><em>Pubblicit\u00e0 digitale<\/em><\/strong><em> (o <\/em><strong><em>digital advertising<\/em><\/strong><em>)<\/em>: si intende l\u2019attivit\u00e0 di <em>marketing<\/em> realizzata attraverso canali on line, come web, contenuti in streaming.<\/li>\n\n\n\n<li><strong><em>Registrazione<\/em><\/strong>: si intende il processo di registrazione e creazione dell\u2019Account dell\u2019Utente;<\/li>\n\n\n\n<li><strong><em>Servizi\/Servizio<\/em><\/strong><em>:<\/em> le funzioni e i servizi fruibili tramite il sito https:\/\/<a href=\"https:\/\/goviceversa.com\/\">goviceversa<\/a>.com\/, volti a consentire all\u2019Azienda Cliente lo sviluppo e la realizzazione di iniziative nell\u2019ambito della Pubblicit\u00e0 digitale;<\/li>\n\n\n\n<li><strong><em>Servizio di valutazione:<\/em><\/strong> in fase di on-boarding in cui si perfeziona il processo di registrazione, la Piattaforma offre un Servizio gratuito relativo a una valutazione di carattere preliminare, al fine di verificare la sussistenza dei requisiti di accesso alla Partnership. Tale Servizio di valutazione viene svolto attraverso un processo di analisi qualitativa dei dati di vendita e dell\u2019attivit\u00e0 di marketing condotte dall\u2019Azienda Cliente e indicate \u2013 per conto di quest\u2019ultima &#8211; dall\u2019Utente, per il tramite degli applicativi di advertising o e-commerce collegati alla Piattaforma.<\/li>\n\n\n\n<li><strong><em>Servizio Funding<\/em><\/strong><em>:\u00a0 <\/em>uno strumento di funding\u00a0 basato sul meccanismo del Revenue-based-financing o di Revenue-sharing-percentage, finalizzato a fornire un supporto finanziario alle attivit\u00e0 di pubblicit\u00e0 digitale delle imprese. Questo Servizio \u00e8 attivabile in un\u2019eventuale fase successiva all\u2019analisi preliminare di carattere commerciale e finanziario dei dati dall\u2019Utente o, comunque, dei dati dell\u2019Azienda Cliente ai quali l\u2019Utente consente l\u2019accesso a Viceversa.<\/li>\n\n\n\n<li><strong><em>Servizio Pulse<\/em><\/strong><em>: <\/em>una soluzione di intelligence finanziaria predittiva, che costituisce uno strumento di supporto, pianificazione e controllo,\u00a0 basato sull\u2019intelligenza artificiale, per favorire previsioni aziendali e processi decisionali pi\u00f9 efficaci, assistendo esperti finanziari, CEO e CFO, mediante sistemi di AI predittiva e analisi aziendale per ottimizzare la pianificazione e supportare decisioni strategiche efficienti. Questo Servizio \u00e8 attivabile in un\u2019eventuale fase successiva all\u2019analisi preliminare di carattere commerciale e finanziario dei dati dall\u2019Utente o, comunque, dei dati dell\u2019Azienda Cliente ai quali l\u2019Utente consente l\u2019accesso a Viceversa.<\/li>\n\n\n\n<li><strong><em>Sito<\/em><\/strong>: si intende il sito web accessibile all\u2019indirizzo web www.goviceversa.com.<\/li>\n\n\n\n<li><strong><em>Utente<\/em><\/strong>: il soggetto che si avvale del Sito e dei suoi Servizi.<\/li>\n\n\n\n<li><strong><em>Utente registrato<\/em><\/strong><em>:<\/em> il referente dell\u2019Azienda Cliente, indicato in fase di Registrazione, che si avvale del Sito e dei suoi Servizi attraverso l\u2019uso di un\u2019area riservata.<\/li>\n<\/ol>\n\n\n\n<h2 class=\"wp-block-heading\">3. DISPOSIZIONI GENERALI<\/h2>\n\n\n\n<ol class=\"wp-block-list\">\n<li>L\u2019Utente potr\u00e0 inviare qualsiasi comunicazione alla Piattaforma utilizzando i recapiti presenti nell\u2019apposita sezione.\u00a0<\/li>\n\n\n\n<li>L\u2019Utente potr\u00e0 concordare un incontro virtuale con Viceversa, tramite l\u2019apposita sezione del sito.<\/li>\n\n\n\n<li>Se una delle previsioni dei presenti <strong>Terms of Service<\/strong> (di seguito <strong>ToS<\/strong>)\u00a0 risultasse nulla, inapplicabile o illecita per via di una legge, di un regolamento o in seguito a decisione giudiziaria, ci\u00f2 non comprometterebbe in alcun modo la validit\u00e0, e la relativa applicabilit\u00e0, delle altre clausole e non esonerer\u00e0 pertanto in alcun modo l&#8217;Utente dai suoi obblighi.<\/li>\n<\/ol>\n\n\n\n<h2 class=\"wp-block-heading\">4. ACCETTAZIONE E MODIFICA DEI TERMS OF SERVICE<\/h2>\n\n\n\n<ol class=\"wp-block-list\">\n<li>L\u2019uso del Sito e dei suoi Servizi implica la previa accettazione, espressa e senza riserve, dei presenti ToS da parte dell\u2019Utente.\u00a0<\/li>\n\n\n\n<li>Viceversa si riserva il diritto di rifiutare, in ogni momento, unilateralmente e senza alcun obbligo di notifica preliminare, l\u2019accesso al Sito a quegli Utenti che non rispettino i presenti ToS.<\/li>\n\n\n\n<li>L\u2019Utente prende atto e accetta che i ToS potranno essere modificati in qualsiasi momento da Viceversa.\u00a0<\/li>\n\n\n\n<li>Le eventuali variazioni verranno apportate al fine di adeguarsi a possibili integrazioni e\/o modifiche evolutive dei propri Servizi, da innovazioni normative, giurisprudenziali, editoriali e\/o tecniche in genere.\u00a0<\/li>\n\n\n\n<li>Eventuali modifiche e\/o nuove condizioni saranno in vigore dal momento della loro pubblicazione sul Sito. Gli Utenti sono pertanto tenuti a consultare, prima di effettuare qualsiasi attivit\u00e0, la versione pi\u00f9 aggiornata dei presenti ToS,\u00a0 che si consiglia di archiviare.<\/li>\n\n\n\n<li>I ToS applicabili all\u2019Utente sono quelli disponibili on-line sul Sito al momento della navigazione dell\u2019Utente e dell\u2019eventuale registrazione dell\u2019Account.<\/li>\n<\/ol>\n\n\n\n<h2 class=\"wp-block-heading\">5. ACCESSO AL SITO<\/h2>\n\n\n\n<ol class=\"wp-block-list\">\n<li>Il Sito \u00e8 reso accessibile gratuitamente a tutti gli Utenti dotati di una connessione internet tramite l\u2019indirizzo web: www.goviceversa.com.<\/li>\n\n\n\n<li>Ogni software, materiale essenziale al funzionamento e all\u2019uso dei Servizi del Sito, cos\u00ec come la connessione ad Internet, sono a carico dell\u2019Utente.\u00a0<\/li>\n\n\n\n<li>L\u2019Utente \u00e8 l\u2019unico responsabile del funzionamento delle proprie risorse informatiche e della sua connessione internet.<\/li>\n\n\n\n<li>L\u2019Utente potr\u00e0: registrarsi, accedere, consultare e utilizzare i Servizi del Sito.<\/li>\n\n\n\n<li>L\u2019Utente \u00e8 responsabile di qualsiasi eventuale attivit\u00e0 condotta, tramite il proprio Account (Utente Registrato), anche da soggetti minori. o incapaci.<\/li>\n\n\n\n<li>L\u2019Utente Registrato deve proteggere la sua password; \u00e8 infatti importante mantenere sicure le credenziali del proprio Account.<\/li>\n\n\n\n<li>Se si condivide un Account con altre persone, il soggetto le cui informazioni finanziarie sono associate all&#8217;Accountsar\u00e0, in ultima analisi, considerato responsabile di tutte le attivit\u00e0 svolte tramite lo stesso Account. Inoltre, gli Account non sono trasferibili.<\/li>\n<\/ol>\n\n\n\n<h2 class=\"wp-block-heading\">6. OGGETTO DEI SERVIZI E FUNZIONALIT\u00c0 DELLA PIATTAFORMA<\/h2>\n\n\n\n<ol class=\"wp-block-list\">\n<li>Tramite la Piattaforma, Viceversa offre\u00a0 Servizi di analisi, reporting e monitoraggio di tipo finanziario e commerciale, rivolto a imprese che gestiscono un modello di business basato sulla prestazione di servizi della societ\u00e0 dell\u2019informazione, come e-commerce, SaaS, marketplace, app, giochi online, etc.<\/li>\n\n\n\n<li>Tali Servizi sono basati sull\u2019uso di un software proprietario, che consente di analizzare alcuni aspetti relativi ai trend e alle strategie commerciali dell\u2019impresa o dell\u2019organizzazione dell\u2019Azienda Cliente, esaminando l\u2019andamento delle campagne di marketing, delle vendite e delle transazioni a questa riferibili con l&#8217;elaborazione delle informazioni ricavabili dai Dataset.<\/li>\n\n\n\n<li>I Servizi sono forniti a titolo gratuito quale strumento di valutazione preliminare per il possibile accesso dell\u2019Azienda Cliente al Servizio Funding e\/o al Servizio Pulse, in virt\u00f9 di una partnership con Viceversa Capital Limited, eventualmente disciplinata da separati e successivi accordi.<\/li>\n\n\n\n<li>La Piattaforma pu\u00f2 includere collegamenti ipertestuali a contenuti (quali, ad esempio, siti web, applicazioni e servizi online) gestiti da terzi.<\/li>\n\n\n\n<li>Viceversa non esercita alcun controllo sui contenuti esterni accessibili tramite link e declina, pertanto, ogni responsabilit\u00e0 per eventuali pregiudizi, diretti o indiretti, comunque derivanti all\u2019Utente dall\u2019accesso e\/o dall\u2019uso di contenuti e\/o servizi forniti da terzi, raggiunti mediante collegamenti ipertestuali eventualmente presenti sulla Piattaforma.<\/li>\n<\/ol>\n\n\n\n<h2 class=\"wp-block-heading\">7. CONDIZIONI PER L\u2019ACCESSO AI SERVIZI<\/h2>\n\n\n\n<ol class=\"wp-block-list\">\n<li>L\u2019Utente per accedere ai Servizi deve procedere con la registrazione di un Account fornendo informazioni relative all\u2019Azienda Cliente per cui richiede la valutazione.<\/li>\n\n\n\n<li>L\u2019Utente infatti deve fornire, per completare la registrazione, informazioni sulla natura dell\u2019Azienda Cliente per conto della quale interagisce con i Servizi della Piattaforma (ragione sociale, tipo di attivit\u00e0 e settore, etc.), sullo stato economico (l\u2019esistenza di un fatturato negli ultimi 6 mesi, l\u2019importo del fatturato) e sul badget preventivato per l\u2019attivit\u00e0 di marketing.<\/li>\n\n\n\n<li>Qualora l\u2019Azienda Cliente, in base alle informazioni messe a disposizione, non sia in possesso dei requisiti minimi per accedere alle risorse finanziarie fornite tramite il Servizio Funding e\/o il Servizio Pulse, l\u2019Utente pu\u00f2 scegliere di proseguire con la fruizione di altri Servizi della Piattaforma, cliccando su <strong>Voglio accedere alla piattaforma di analisi<\/strong>.<\/li>\n\n\n\n<li>Qualora l\u2019Azienda Cliente, in base alle informazioni fornite, sia in possesso dei requisiti minimi per proseguire e completare la procedura di valutazione ai fini del possibile accesso al Servizio Funding e\/o al Servizio Pulse, l\u2019Utente pu\u00f2 proseguire con la fase di on-boarding<em>.<\/em><\/li>\n\n\n\n<li>Per completare la creazione dell\u2019Account, nella fase di on-boarding<em>,<\/em> e usufruire dei Servizi della Piattaforma, all\u2019Utente \u00e8 richiesto di associare gli account connessi ai suoi Marketing Accounts, Sales Accounts e Payment Accounts posseduti e indicare ulteriori informazioni rispetto quelle gi\u00e0 fornite.<\/li>\n\n\n\n<li>L\u2019Utente si assume la responsabilit\u00e0 di mantenere aggiornate queste informazioni e riconosce che un\u2019omissione in tal senso pu\u00f2 influire negativamente sulla capacit\u00e0 di Viceversa di fornire i Servizi all&#8217;Utente.<\/li>\n\n\n\n<li>L\u2019Utente garantisce a Viceversa di essere in possesso di espressa e specifica autorizzazione dell\u2019Azienda Cliente dallo stesso indicata nel processo di registrazione sulla Piattaforma e, quindi, di essere autorizzato o comunque legittimato a fornire tutte le informazioni richieste nella fase di on-boarding.<\/li>\n<\/ol>\n\n\n\n<h2 class=\"wp-block-heading\">8. FASE DI ON-BOARDING E SERVIZIO DI VALUTAZIONE<\/h2>\n\n\n\n<ol class=\"wp-block-list\">\n<li>In fase di on-boarding e di valutazione in cui si perfeziona il processo di registrazione, la Piattaforma offre un Servizio gratuito relativo a una valutazione di carattere preliminare, al fine di verificare la sussistenza dei requisiti di accesso alla Partnership.<\/li>\n\n\n\n<li>Il predetto Servizio di valutazione viene svolto attraverso un processo di analisi qualitativa dei dati di vendita e dell\u2019attivit\u00e0 di marketing condotte dall\u2019Azienda Cliente e indicate \u2013 per conto di quest\u2019ultima &#8211; dall\u2019Utente, per il tramite degli applicativi di advertising o e-commerce collegati alla Piattaforma.<\/li>\n\n\n\n<li>In caso di esito positivo, l\u2019Utente riceve all\u2019indirizzo\u00a0 e-mail indicato, ed entro 72 ore dall\u2019esito della fase di registrazione, una comunicazione con i dettagli per poter definire la Partnership.<\/li>\n\n\n\n<li>Solo a seguito dell\u2019esito positivo della valutazione e della sottoscrizione dell\u2019accordo di Partnership l\u2019Utente \u00e8 abilitato ad accedere a ulteriori Servizi offerti dalla Piattaforma, tra cui la verifica delle operazioni effettuate e i dati di insight relativi alle campagne promosse in esecuzione della Partnership stipulata, il\u00a0 Servizio Funding e\/o il Servizio Pulse.<\/li>\n\n\n\n<li>Laddove l\u2019Utente non riceva la comunicazione con i dettagli per poter definire la Partnership, potr\u00e0 comunque usufruire dei Servizi offerti dalla Piattaforma fin quando non proceda alla dissociazione degli account di advertising e e-commerce precedentemente collegati.<\/li>\n<\/ol>\n\n\n\n<h2 class=\"wp-block-heading\">9. LIMITAZIONI<\/h2>\n\n\n\n<ol class=\"wp-block-list\">\n<li>Al di fuori dei casi di dolo o colpa grave, Viceversa non \u00e8 in alcun modo responsabile nei confronti dell\u2019Utente o dell\u2019Azienda Cliente per eventuali danni diretti o indiretti che agli stessi possano derivare dalla fruizione dei Servizi resi disponibili sul Sito o sulla Piattaforma.<\/li>\n\n\n\n<li>Viceversa non pu\u00f2 in alcun caso essere ritenuta responsabile delle informazioni inserite dall\u2019Utente sul Sito o sulla Piattaforma o per i dati contenuti nei Dataset resi\u00a0 disponibili a Viceversa dall\u2019Utente, n\u00e9 per i dati di <em>insight<\/em> resi disponibili a seguito della fruizione dei Servizi.<\/li>\n<\/ol>\n\n\n\n<h2 class=\"wp-block-heading\">10. ACCESSO AI DATI AZIENDALI E TRATTAMENTO DEI DATI PERSONALI<\/h2>\n\n\n\n<ol class=\"wp-block-list\">\n<li>Viceversa dichiara di accedere, archiviare e trattare i dati inseriti dall\u2019Utente al fine di fornire i Servizi richiesti. Tali dati sono conservati per il tempo necessario all&#8217;erogazione dei Servizi e possono essere successivamente aggregati, conservati ed elaborati a fini di analisi statistica.<\/li>\n\n\n\n<li>Il trattamento dei dati personali comunicati dall\u2019Utente viene svolto esclusivamente per le finalit\u00e0 connesse all\u2019erogazione dei Servizi richiesti e all&#8217;adempimento degli obblighi legali e contrattuali derivanti.<\/li>\n\n\n\n<li>I dati personali sono trattati osservando le opportune misure tecniche e organizzative, ai sensi del Regolamento 2016\/679\/UE (Regolamento generale sulla protezione dei dati), in ragione del trattamento effettuato, per garantire la riservatezza e la sicurezza dei dati.<\/li>\n\n\n\n<li>Viceversa dichiara di aver debitamente espletato &#8211; nell&#8217;ambito della sua organizzazione &#8211; tutte le formalit\u00e0 e adempiuto a tutti gli obblighi previsti dalla normativa italiana ed europea in materia di protezione dei dati personali.<\/li>\n\n\n\n<li>Ulteriori informazioni sono disponibili nella <strong><a href=\"https:\/\/goviceversa.com\/it\/privacy-policy\/\">Privacy Policy<\/a><\/strong>.<\/li>\n<\/ol>\n\n\n\n<h2 class=\"wp-block-heading\">11. RISERVATEZZA<\/h2>\n\n\n\n<ol class=\"wp-block-list\">\n<li>Nell\u2019espletamento dei Servizi descritti nei\u00a0 presenti ToS, ovvero nei rapporti con l\u2019Utente o per le comunicazioni relative alla fornitura dei Servizi della Piattaforma, Viceversa pu\u00f2 avere accesso ad Informazioni Riservate dall\u2019Utente.<\/li>\n\n\n\n<li>Viceversa si impegna, senza limiti di tempo, a mantenere e far mantenere, dai propri dipendenti e collaboratori, il pi\u00f9 stretto riserbo in merito a qualsiasi informazione riguardante gli affari e i segreti commerciali dell\u2019Utente dei quali venga a conoscenza tramite la Piattaforma.<\/li>\n\n\n\n<li>Viceversa adotta tutte le misure di sicurezza che ritiene necessarie al fine di impedire la divulgazione negligente o intenzionale di Informazioni Riservate dell\u2019Utente a soggetti terzi.<\/li>\n\n\n\n<li>Le Informazioni Riservate dell\u2019Utente acquisite tramite la Piattaforma possono essere comunicate a consulenti, revisori e altri incaricati di propria fiducia, formalmente designati per iscritto.\u00a0 A tal fine, Viceversa si impegna ad acquisire, dai soggetti a cui le informazioni sono comunicate, analogo impegno alla riservatezza.<\/li>\n\n\n\n<li>Non si considerano Informazioni Riservate, che quindi possono essere liberamente comunicate da Viceversa o dai suoi dipendenti e collaboratori, soltanto le informazioni di pubblico dominio, ovvero la cui comunicazione sia stata autorizzata per iscritto dall\u2019Utente, oppure ancora delle quali sia imposta la comunicazione in conseguenza di disposizioni della Pubblica Autorit\u00e0 o di norme di Legge o che siano legittimamente trasmesse a dei soggetti terzi, i quali le abbiano a loro volta ottenute legittimamente e senza vincolo di confidenzialit\u00e0.<\/li>\n\n\n\n<li>Gli obblighi di riservatezza dei dati e delle informazioni acquisiti tramite la Piattaforma da Viceversa saranno osservati anche successivamente alla cancellazione dell\u2019Account dell\u2019Utente e alla cessazione degli effetti, per qualsiasi motivo, dell\u2019Accordo di Partnership.\u00a0<\/li>\n\n\n\n<li>Viceversa garantisce che tutti gli obblighi di riservatezza disciplinati in questo articolo sono adempiuti anche da ciascuno dei propri dipendenti e\/o collaboratori, i quali sono debitamente informati e tenuti a trattare le informazioni acquisite nell\u2019esercizio delle mansioni\/attivit\u00e0 loro assegnate, e\/o altrimenti conosciuti, con la massima cura, diligenza, riservatezza e, comunque al solo fine di svolgere ogni attivit\u00e0 e\/o operazione necessaria per fornire i Servizi all\u2019Utente, assicurando il rispetto degli impegni a tal fine assunti.<\/li>\n<\/ol>\n\n\n\n<h2 class=\"wp-block-heading\">12. DIRITTI DI PRIVATIVA\u00a0<\/h2>\n\n\n\n<ol class=\"wp-block-list\">\n<li>Viceversa \u00e8 l\u2019ideatore ed autore, ai sensi della Legge 22 aprile 1941, n. 633 e successive modifiche ed integrazioni, della Piattaforma, del Sito e dei Servizi correlati e a essa sono riservati tutti i diritti.\u00a0<\/li>\n\n\n\n<li>Sono di propriet\u00e0 di Viceversa, la Piattaforma, il Sito, il software, l\u2019architettura informatica del Sito, i codici, i metodi, gli algoritmi, le istruzioni rappresentative di perfezionamenti di natura tecnica, creativa o organizzativa, gli aggiornamenti e ogni e qualsiasi applicazione della Piattaforma, risultato o ritrovato, siano utilizzati o sviluppati da Viceversa \u2013 o da terzi dalla stessa incaricati \u2013 per il coordinamento e l\u2019interazione delle piattaforme o per la realizzazione, attivazione, gestione online del Sito e degli elementi informativi pubblicati nel Sito e\/o per la fornitura dei Servizi.\u00a0<\/li>\n\n\n\n<li>In particolare, a Viceversa \u00e8 riconosciuta l\u2019esclusiva e piena titolarit\u00e0 del software, del know-how, dei programmi (applicativi ed operativi) per elaboratore, dei codici, dei relativi adattamenti, modifiche e personalizzazioni delle indicazioni, istruzioni e documenti, in qualsiasi forma espressi, installati o da installare, ivi compresi quelli relativi e\/o sviluppati in connessione al Sito, alla Piattaforma, alle banche dati, al layout del Sito, alla gestione online degli stessi e delle informazioni e dati ivi contenuti ed in generale in esecuzione dei Servizi offerti.\u00a0<\/li>\n\n\n\n<li>L\u2019Utente prende atto ed accetta che i dati di insight sono di propriet\u00e0 di Viceversa, che ne consente la consultazione e il download.<\/li>\n\n\n\n<li>L&#8217;Utente si obbliga a non usare in alcun modo (neppure su materiali pubblicitari, commerciali, promozionali o similari) i Marchi di propriet\u00e0 di Viceversa senza il preventivo consenso scritto di quest\u2019ultima.\u00a0<\/li>\n<\/ol>\n\n\n\n<h2 class=\"wp-block-heading\">13. LEGGE APPLICABILE, GIURISDIZIONE, FORO COMPETENTE<\/h2>\n\n\n\n<ol start=\"6\" class=\"wp-block-list\"><\/ol>\n\n\n\n<ol class=\"wp-block-list\">\n<li>I rapporti tra Viceversa e gli Utenti del sito sono regolati dalla Legge e dalla Giurisdizione italiana, in base alla quale anche le presenti disposizioni devono essere interpretate.<\/li>\n\n\n\n<li>In caso di controversie concernenti la validit\u00e0, l\u2019interpretazione e l\u2019esecuzione delle presenti disposizioni, Viceversa e l\u2019Utente si impegnano a cercare tra loro un equo e bonario componimento. A tal proposito, le stesse parti possono devolvere di comune accordo la soluzione di ogni controversia inerente alle presenti disposizioni ad ADR Center, Ente di mediazione e conciliazione accreditato presso il Ministero della Giustizia e iscritto al registro degli organismi di mediazione. Il Regolamento di ADR Center, nonch\u00e9 ila modulistica e le informazioni relative alla procedura di conciliazione sono disponibili all&#8217;indirizzo www.adrcenter.it.<\/li>\n\n\n\n<li>Qualora la controversia non sia risolta bonariamente o attraverso la mediazione dell\u2019Ente di conciliazione, e comunque entro 6 mesi dalla data del suo inizio, la stessa deve ritenersi di competenza esclusiva del Foro di Milano.<\/li>\n<\/ol>\n\n\n\n<p>Aggiornata a: aprile 2025<\/p>\n","protected":false},"excerpt":{"rendered":"<p>1. PREMESSA 2. DEFINIZIONI 3. DISPOSIZIONI GENERALI 4. ACCETTAZIONE E MODIFICA DEI TERMS OF SERVICE 5. ACCESSO AL SITO 6&#8230;.<\/p>\n","protected":false},"author":1,"featured_media":0,"parent":0,"menu_order":0,"comment_status":"closed","ping_status":"closed","template":"","meta":{"_acf_changed":false,"footnotes":""},"class_list":["post-4769","page","type-page","status-publish","hentry"],"acf":[],"_links":{"self":[{"href":"https:\/\/goviceversa.com\/it\/wp-json\/wp\/v2\/pages\/4769","targetHints":{"allow":["GET"]}}],"collection":[{"href":"https:\/\/goviceversa.com\/it\/wp-json\/wp\/v2\/pages"}],"about":[{"href":"https:\/\/goviceversa.com\/it\/wp-json\/wp\/v2\/types\/page"}],"author":[{"embeddable":true,"href":"https:\/\/goviceversa.com\/it\/wp-json\/wp\/v2\/users\/1"}],"replies":[{"embeddable":true,"href":"https:\/\/goviceversa.com\/it\/wp-json\/wp\/v2\/comments?post=4769"}],"version-history":[{"count":5,"href":"https:\/\/goviceversa.com\/it\/wp-json\/wp\/v2\/pages\/4769\/revisions"}],"predecessor-version":[{"id":11399,"href":"https:\/\/goviceversa.com\/it\/wp-json\/wp\/v2\/pages\/4769\/revisions\/11399"}],"wp:attachment":[{"href":"https:\/\/goviceversa.com\/it\/wp-json\/wp\/v2\/media?parent=4769"}],"curies":[{"name":"wp","href":"https:\/\/api.w.org\/{rel}","templated":true}]}}