{"id":4753,"date":"2023-04-26T05:54:00","date_gmt":"2023-04-26T05:54:00","guid":{"rendered":"https:\/\/goviceversa.com\/?page_id=4753"},"modified":"2025-06-17T08:13:43","modified_gmt":"2025-06-17T08:13:43","slug":"privacy-policy","status":"publish","type":"page","link":"https:\/\/goviceversa.com\/it\/privacy-policy\/","title":{"rendered":"Privacy Policy"},"content":{"rendered":"\n<p><strong>Titolare del trattamento \u00e8 Viceversa S.r.l., <\/strong>Via Bernardo Quaranta 40, 20139, Milano<\/p>\n\n\n\n<p>Le informazioni di questa Privacy policy sono fornite da Viceversa Srl (d\u2019ora in poi anche Viceversa), che gestisce la web application Viceversa (d\u2019ora in poi anche la Piattaforma), in relazione ai dati personali raccolti tramite la Piattaforma e conseguentemente trattati.<\/p>\n\n\n\n<p>La Piattaforma \u00e8 liberamente accessibile tramite il sito <a href=\"http:\/\/www.portal.goviceversa.com\">www.portal.goviceversa.com<\/a>.<\/p>\n\n\n\n<p>L\u2019uso delle funzioni della Piattaforma da parte dell\u2019Utente \u00e8 gratuito, ma la fruizione di alcuni servizi pu\u00f2 essere legata alla stipula di un contratto&nbsp; tra Viceversa e la societ\u00e0\/azienda\/organizzazione in nome e per conto della quale l\u2019Utente utilizza i servizi della Piattaforma.<\/p>\n\n\n\n<p>Per ulteriori approfondimenti sulla fruizione dei servizi, si rimanda ai&nbsp; <strong>Terms of Service (ToS)<\/strong>, che descrivono i termini per l\u2019utilizzo della Piattaforma e dei servizi fruibili tramite la stessa.<\/p>\n\n\n\n<p>Questa <strong>Privacy policy<\/strong> contiene le informazioni su come Viceversa raccoglie e tratta&nbsp; i dati personali forniti dall\u2019Utente, eventualmente riferibili anche a soggetti terzi.<\/p>\n\n\n\n<h2 class=\"wp-block-heading\">Contatti<\/h2>\n\n\n\n<p>Per qualsiasi informazione, chiarimento o ulteriore approfondimento riguardo le politiche di protezione dei dati personali adottate da Viceversa, \u00e8 possibile scrivere una comunicazione all\u2019indirizzo e-mail: info@goviceversa.com&nbsp;<\/p>\n\n\n\n<h2 class=\"wp-block-heading\">Ruolo di Viceversa<\/h2>\n\n\n\n<p>Viceversa tratta i dati degli Utenti della Piattaforma in qualit\u00e0 di Titolare del trattamento (o Data Controller, ai sensi del GDPR),&nbsp; in relazione ai trattamenti dei dati personali riferibili agli stessi Utenti, necessari per erogare i servizi richiesti e per il corretto funzionamento della Piattaforma.<\/p>\n\n\n\n<p>Diversamente, Viceversa potrebbe agire come Responsabile del trattamento (o Data Processor, ai sensi del GDPR), qualora per usufruire dei servizi della Piattaforma, l\u2019Utente demandi a Viceversa l\u2019accesso ai propri account business di altre piattaforme per l\u2019analisi dei dati commerciali e finanziari. In tal caso, gli eventuali dati personali riferibili a persone fisiche i cui dati siano archiviati negli account business dell\u2019Utente sono trattati da Viceversa&nbsp; esclusivamente per le analisi, il reporting e il monitoraggio di informazioni aggregate, di tipo finanziario e commerciale.<\/p>\n\n\n\n<p>In questi casi, pertanto, quando l\u2019Utente associa al suo profilo sulla Piattaforma Viceversa anche i suoi account business di altre piattaforme per usufruire dei servizi di Viceversa, l\u2019Utente autorizza Viceversa a trattare determinate informazioni di tipo finanziario e commerciale legate a tali account business, compresi eventuali dati personali di terzi.&nbsp;<\/p>\n\n\n\n<p>Viceversa utilizza queste informazioni esclusivamente per erogare i servizi chiesti o contrattualizzati con l\u2019Utente, per consentire allo stesso la gestione dei dati di insight e di performance relative all\u2019andamento della sua attivit\u00e0 commerciale e finanziaria on-line.<\/p>\n\n\n\n<h2 class=\"wp-block-heading\">Quando e come Viceversa tratta i dati personali<\/h2>\n\n\n\n<p>Dal primo momento in cui l\u2019Utente interagisce con la Piattaforma, Viceversa tratta i suoi dati personali.&nbsp;<\/p>\n\n\n\n<p>In alcuni casi, tali dati personali e altre informazioni saranno richiesti all\u2019Utente per usufruire dei servizi della Piattaforma; in altri casi, le informazioni e i dati personali vengono raccolti automaticamente dalla Piattaforma, come ad. es. i dati di navigazione dei cookie tecnici. Al riguardo \u00e8 opportuno consultate la&nbsp; cookie policy di Viceversa.<\/p>\n\n\n\n<h2 class=\"wp-block-heading\">Per quali finalit\u00e0 Viceversa tratta i dati personali<\/h2>\n\n\n\n<p>La normativa vigente sulla protezione dei dati personali consente di utilizzare dati personali solo per determinate e ben esplicitate finalit\u00e0, purch\u00e9 sussista una idonea base giuridica che consenta il trattamento.&nbsp;<\/p>\n\n\n\n<p>Di seguito, si riporta l\u2019elenco delle finalit\u00e0 per cui Viceversa tratta i dati personali:<\/p>\n\n\n\n<ol class=\"wp-block-list\">\n<li>Consentire il corretto funzionamento della Piattaforma, ovvero garantire la piena funzionalit\u00e0 dei servizi di cui l\u2019Utente pu\u00f2 usufruire tramite la stessa;<\/li>\n\n\n\n<li>Laddove l\u2019Utente sia registrato e\/o abbia un contratto con Viceversa, consentirgli di effettuare il login e\u00a0 l\u2019autenticazione per l\u2019accesso alla sua area riservata e la fruizione dei servizi;<\/li>\n\n\n\n<li>Consentire all\u2019Utente di associare i suoi account business per permettere alla Piattaforma di fornire i servizi di analisi e reportistica dei dati di performance, come previsto dai <strong>Terms of Service <\/strong>(ToS).<\/li>\n\n\n\n<li>Consentire a Viceversa di proporre questionari per valutare la qualit\u00e0 dei servizi erogati tramite la Piattaforma.<\/li>\n\n\n\n<li>Consentire a Viceversa di raccogliere le informazioni circa l\u2019uso della Piattaforma e per il controllo, la gestione e il corretto funzionamento dei servizi.<\/li>\n\n\n\n<li>6. Consentire a Viceversa di migliorare la fornitura dei servizi erogati tramite la Piattaforma, tramite l\u2019esecuzione di analisi su errori o malfunzionamenti, oltre che comprendere come gli Utenti interagiscono con i servizi.<\/li>\n<\/ol>\n\n\n\n<h2 class=\"wp-block-heading\">Quali dati personali Viceversa raccoglie e tratta<strong> \u00a0<\/strong><\/h2>\n\n\n\n<p>I dati personali trattati da Viceversa tramite la Piattaforma devono distinguersi in:<\/p>\n\n\n\n<ol class=\"wp-block-list\">\n<li>Dati personali riferibili all\u2019Utente (cd. Dati Utente) e<\/li>\n\n\n\n<li>Dati personali riferibili a terzi, diversi dall\u2019Utente della Piattaforma (cd. Dati di Terzi).\u00a0<\/li>\n<\/ol>\n\n\n\n<h2 class=\"wp-block-heading\">Dati personali riferibili all\u2019Utente<\/h2>\n\n\n\n<p>Previa sussistenza o meno del rapporto contrattuale con Viceversa, sono trattati alcuni dati personali forniti dall\u2019Utente durante l&#8217;utilizzo dei servizi o la creazione di un account della Piattaforma:<\/p>\n\n\n\n<ol class=\"wp-block-list\">\n<li>nome, cognome, e-mail, organizzazione\/societ\u00e0 di appartenenza e relativo ruolo;<\/li>\n\n\n\n<li>tipo di dispositivo, ID dispositivo, versione del sistema operativo, indirizzo IP, indicazioni sulla lingua di default e analisi circa l\u2019uso della Piattaforma.\u00a0<\/li>\n<\/ol>\n\n\n\n<h2 class=\"wp-block-heading\">Dati riferibili a terzi (cd. Dati di Terzi)<strong>\u00a0<\/strong><\/h2>\n\n\n\n<p>Nel caso in cui l\u2019Utente fornisca informazioni e dati personali su altre persone, Viceversa si impegna a utilizzarli esclusivamente per dare esecuzione ai servizi richiesti ed erogati tramite la Piattaforma. Quando l\u2019Utente trasmette queste informazioni e questi dati personali, tramite l\u2019associazione alla Piattaforma degli account business di cui l\u2019Utente ha disponibilit\u00e0, lo stesso Utente conferma di avere il diritto di trattare tali informazioni e dati personali e di autorizzare Viceversa a trattarle per suo conto, in conformit\u00e0 con la presente Privacy Policy e con la normativa in materia di protezione dei dati personali, compreso il GDPR.<\/p>\n\n\n\n<p>Potranno essere raccolti i seguenti dati, tra cui: customer id, indirizzi, informazioni relative all\u2019ordine o ai prodotti\/servizi acquistati, alla spedizione, al pagamento e ai luoghi di spedizione. Tali dati potrebbero variare in base alla tipologia di account business che l&#8217;Utente connette alla Piattaforma, pertanto non dipendono da Viceversa.<\/p>\n\n\n\n<p>\u00c8 opportuno far presente che l\u2019accesso agli account business resi disponibili dall\u2019Utente comporta la raccolta di informazioni massive&nbsp; archiviate in questi stessi account.&nbsp;<\/p>\n\n\n\n<p>Tali informazioni possono comprendere anche Dati personali di Terzi, in base alla tipologia di piattaforma a cui quell\u2019account business collegato dall\u2019Utente consente l\u2019accesso, che pu\u00f2 variare per natura e servizio offerto.<\/p>\n\n\n\n<p>Resta fermo che l\u2019attivit\u00e0 di Viceversa e della Piattaforma non prevede, in via principale, l\u2019uso di dati personali, ma solo delle informazioni legate alle performance relative alle informazioni archiviate nell\u2019account business di cui l\u2019Utente ha fornito l\u2019accesso per la fruizione dei servizi offerta tramite la Piattaforma Viceversa.<\/p>\n\n\n\n<p>Tutti i Dati di terzi non sono riferiti a persone direttamente identificabili da Viceversa. In ogni caso, applichiamo rigide misure di sicurezza per trattare Dati di terzi, ad esempio, l\u2019immediato mascheramento del dato relativo al \u201ccustomer id\u201d per elaborare le informazioni necessarie a erogare le analisi e le statistiche utilizzate per fornire i servizi richiesti tramite la Piattaforma.<\/p>\n\n\n\n<p>La Piattaforma, inoltre, contestualmente alla raccolta delle informazioni dagli account business collegati dall\u2019Utente, procede all\u2019automatico scarto dei dati (compresi eventuali dati personali) non necessari all\u2019erogazione dei servizi richiesti tramite la Piattaforma.<\/p>\n\n\n\n<p>Inoltre, tramite il proprio profilo, l\u2019Utente pu\u00f2 dissociare in qualsiasi momento i propri account business dalla Piattaforma.&nbsp;<\/p>\n\n\n\n<p>In tal modo, ove necessario, l\u2019Utente pu\u00f2&nbsp; limitare l\u2019uso dei Dati di terzi. Tuttavia, ci\u00f2 potr\u00e0 comportare l\u2019impossibilit\u00e0 di fornire all\u2019Utente alcuni servizi tramite la Piattaforma, per erogare i quali \u00e8 necessario elaborare i dati archiviati da altre piattaforme e che risultano accessibili tramite gli account business.<\/p>\n\n\n\n<p>L\u2019Utente pu\u00f2 contattare Viceversa per ricevere maggiori informazioni circa i dati personali trattati tramite i recapiti presenti nella sezione i nostri contatti di questa Privacy policy.<\/p>\n\n\n\n<h2 class=\"wp-block-heading\">Basi giuridiche dei trattamenti<\/h2>\n\n\n\n<ul class=\"wp-block-list\">\n<li><em>Erogazione dei servizi richiesti dall\u2019Utente tramite la Piattaforma<\/em><\/li>\n<\/ul>\n\n\n\n<p>Il trattamento dei dati personali \u00e8 finalizzato alle analisi e alla produzione delle valutazioni e della reportistica richiesti dall\u2019Utente e ottenute tramite la Piattaforma di Viceversa.<\/p>\n\n\n\n<p>Base giuridica per questi trattamenti di dati personali: Esecuzione di un contratto o erogazione di un servizio richiesto dall\u2019Utente<\/p>\n\n\n\n<ul class=\"wp-block-list\">\n<li><em>Sicurezza e miglioramento della Piattaforma<\/em><\/li>\n<\/ul>\n\n\n\n<ol class=\"wp-block-list\"><\/ol>\n\n\n\n<p>Analisi delle performance, esecuzione di test di funzionalit\u00e0, analisi di feedback degli Utenti e questionari.<\/p>\n\n\n\n<p>Base giuridica per questi trattamenti di dati personali: Interesse legittimo del titolare<\/p>\n\n\n\n<p>In relazione all\u2019interesse legittimo, come base legale del trattamento di dati personali, Viceversa garantisce che l\u2019esecuzione dei trattamenti di dati personali \u00e8 condotta nel pieno rispetto dei diritti e delle libert\u00e0 degli interessati. Per ulteriori informazioni riguardo alle valutazioni e alle misure di sicurezza adottate, l\u2019Utente pu\u00f2 contattare Viceversa ai recapiti presenti in questa <strong>Privacy Policy.<\/strong><\/p>\n\n\n\n<h2 class=\"wp-block-heading\">Destinatari e categorie di destinatari dei dati personali<\/h2>\n\n\n\n<p>I dati personali dell\u2019interessato potranno essere comunicati a:<\/p>\n\n\n\n<ul class=\"wp-block-list\">\n<li>collaboratori e dipendenti del Titolare appositamente autorizzati, nell\u2019ambito delle relative mansioni;\u00a0<\/li>\n\n\n\n<li>Viceversa Capital Limited;<\/li>\n\n\n\n<li>fornitori dei servizi IT che interagiscono con il funzionamento della Piattaforma o che sono utilizzati da Viceversa per la gestione delle attivit\u00e0 amministrative e contabili relative all\u2019esecuzione del contratto e all\u2019erogazione dei servizi tramite la Piattaforma richiesti dall\u2019Utente, in particolare Google Cloud Platform. Per ulteriori informazioni, l\u2019Utente pu\u00f2 consultare direttamente la privacy policy di Google Cloud Platform: <a href=\"https:\/\/policies.google.com\/privacy\" target=\"_blank\" rel=\"noopener\">https:\/\/policies.google.com\/privacy<\/a>.<\/li>\n\n\n\n<li>fornitori di servizi IT che interagiscono con il funzionamento della Piattaforma o che sono utilizzati da Viceversa per l\u2019erogazione dei Servizi, che trattano i dati in qualit\u00e0 di Responsabili del trattamento, qualora ne ricorrano i presupposti. Tra questi, in particolare:<\/li>\n<\/ul>\n\n\n\n<p><strong>Fabrik<\/strong>: utilizzato per la connessione API ai conti correnti dei clienti di Viceversa. Il cliente connette in autonomia i propri conti correnti accettando termini e condizioni di Fabrik relativamente alla condivisione e utilizzo dei dati;&nbsp;<\/p>\n\n\n\n<ul class=\"wp-block-list\">\n<li>Finalit\u00e0 Servizio Funding: utilizzare il dato per controllare trend \\ flussi di cassa ai fini della valutazione e successiva approvazione della pratica;\u00a0<\/li>\n\n\n\n<li>Finalit\u00e0 Servizio Pulse: mostrare al cliente grafici \\ tabelle \\ KPIs relativi ai propri flussi di cassa\u00a0<\/li>\n<\/ul>\n\n\n\n<p><strong>GoCardless<\/strong>: utilizzato per la connessione API ai conti correnti dei clienti di Viceversa. Il cliente connette in autonomia i propri conti correnti accettando termini e condizioni di Fabrik relativamente alla condivisione e utilizzo dei dati;&nbsp;<\/p>\n\n\n\n<ul class=\"wp-block-list\">\n<li>Finalit\u00e0 Servizio Funding: utilizzare il dato per controllare trend \\ flussi di cassa ai fini della valutazione e successiva approvazione della pratica;\u00a0<\/li>\n\n\n\n<li>Finalit\u00e0 Servizio Pulse: mostrare al cliente grafici \\ tabelle \\ KPIs relativi ai propri flussi di cassa;\u00a0<\/li>\n<\/ul>\n\n\n\n<p><strong>PrestaTech<\/strong>: utilizzato per analizzare le transazioni bancarie ottenute tramite la connessione ai conti corrente aziendali mediante i provider descritti sopra.<\/p>\n\n\n\n<ul class=\"wp-block-list\">\n<li>Finalit\u00e0 Servizio Funding: Categorizzazione delle transazioni bancarie per scopi di analisi e approvazione della pratica;\u00a0<\/li>\n\n\n\n<li>Finalit\u00e0 Servizio Pulse: categorizzazione transazioni bancarie per fornire un overview ai clienti Viceversa in merito ai loro dati finanziari;\u00a0<\/li>\n<\/ul>\n\n\n\n<p><strong>DocuSign<\/strong>: utilizzato per la firma elettronica di tutti i documenti contrattuali \\ legali tra Viceversa e i propri clienti.&nbsp;<\/p>\n\n\n\n<ul class=\"wp-block-list\">\n<li>Finalit\u00e0 Servizio Funding: firma elettronica per contratti;\u00a0<\/li>\n\n\n\n<li>Finalit\u00e0 Servizio Pulse: nessuna;\u00a0<\/li>\n<\/ul>\n\n\n\n<p><strong>SWAN<\/strong>: utilizzato per la creazione e invio di SDD (Sepa Direct Debt) attraverso cui Viceversa rientra dall\u2019investimento effettuato.&nbsp;<\/p>\n\n\n\n<ul class=\"wp-block-list\">\n<li>Finalit\u00e0 Servizio Funding: pagamento fatture tramite SDD<\/li>\n\n\n\n<li>Finalit\u00e0 Servizio Pulse: nessuna;\u00a0<\/li>\n<\/ul>\n\n\n\n<p><strong>MOLLIE<\/strong>: utilizzato per la creazione e invio di SDD (Sepa Direct Debt) attraverso cui Viceversa rientra dall\u2019investimento effettuato.&nbsp;<\/p>\n\n\n\n<ul class=\"wp-block-list\">\n<li>Finalit\u00e0 Servizio Funding: pagamento fatture tramite SDD;\u00a0<\/li>\n\n\n\n<li>Finalit\u00e0 Servizio Pulse: nessuna;\u00a0<\/li>\n<\/ul>\n\n\n\n<p><strong>Stripe<\/strong>: utilizzato per rendere il capitale disponibile al cliente di Viceversa. Una carta virtuale prepagata viene resa disponibile con il saldo totale uguale all\u2019ammontare della tranche aderito contrattualmente, al netto delle commissioni. Per l\u2019attivazione della carta, il cliente deve completare un processo di KYC richiesto direttamente da Stripe.&nbsp;<\/p>\n\n\n\n<ul class=\"wp-block-list\">\n<li>Finalit\u00e0 Servizio Funding: KYC e creazione della carta con Saldo disponibile;<\/li>\n\n\n\n<li>Finalit\u00e0 Servizio Pulse: pagamento con carta per attivazione della sottoscrizione;\u00a0<\/li>\n<\/ul>\n\n\n\n<p><strong>OpenAI<\/strong>: utilizzato per chatbot interni alla Piattaforma con lo scopo di favorire la raccolta di informazioni e la comunicazione interna. In programma di utilizzare anche per chat con i clienti come funzione di supporto al cliente.\u00a0<\/p>\n\n\n\n<p>Resta salva l\u2019eventuale comunicazione dei dati su richiesta dell\u2019autorit\u00e0 giudiziaria o di pubblica sicurezza, nei modi e nei casi previsti dalla legge.<\/p>\n\n\n\n<h2 class=\"wp-block-heading\">Dove sono trattati i dati personali<\/h2>\n\n\n\n<p>I dati personali raccolti da Viceversa tramite la Piattaforma sono trattati presso la sede di Milano e presso le sedi o i server gestiti dai destinatari indicati nel paragrafo precedente.<\/p>\n\n\n\n<p>Nel caso in cui si renda necessario il trasferimento dei dati personali per l\u2019erogazione dei servizi della Piattaforma verso i destinatari indicati in Paesi o Organizzazioni internazionali extra UE, per cui non sia stata adottata una decisione di adeguatezza, Viceversa si impegna ad adottare adeguate misure per garantire che i&nbsp; diritti degli interessati al trattamento continuino a essere protetti e ad assicurare che i destinatari dei dati personali offrano misure adeguate al rispetto della normativa vigente.&nbsp;<\/p>\n\n\n\n<h2 class=\"wp-block-heading\">Tempo di\u00a0 conservazione dei dati<\/h2>\n\n\n\n<p>Viceversa conserva le informazioni e i dati personali dell\u2019Utente per il tempo necessario all\u2019erogazione dei servizi tramite la Piattaforma e per tutta la durata dell\u2019eventuale rapporto contrattuale con la societ\u00e0\/azienda\/organizzazione in nome e per conto della quale l\u2019Utente utilizza i&nbsp; servizi della Piattaforma. Al termine dell\u2019efficacia del contratto e\/o dei relativi servizi erogati tramite la Piattaforma, Viceversa cancella l\u2019account dell\u2019Utente e i relativi dati personali allo stesso collegati (compresi gli eventuali dati personali di terzi) entro 2 anni dall\u2019ultima attivit\u00e0 registrata.&nbsp;<\/p>\n\n\n\n<h2 class=\"wp-block-heading\"><strong>\u00a0<\/strong>Diritti dell\u2019interessato<\/h2>\n\n\n\n<p>All\u2019interessato \u00e8 riconosciuto il diritto di accedere ai propri dati personali, di chiederne la rettifica, l&#8217;aggiornamento e la cancellazione o la limitazione, se incompleti, erronei o raccolti in violazione alla legge, nonch\u00e9 di opporsi al trattamento per motivi legittimi o di ottenerne la portabilit\u00e0.<\/p>\n\n\n\n<p>L&#8217;interessato, in particolare, ha diritto di ottenere la conferma dell&#8217;esistenza o meno di dati personali che lo riguardano, anche se non ancora registrati, e la loro comunicazione in forma intelligibile.<\/p>\n\n\n\n<p>L&#8217;interessato ha diritto di ottenere:&nbsp;<\/p>\n\n\n\n<ol class=\"wp-block-list\">\n<li>l&#8217;aggiornamento, la rettifica o l&#8217;integrazione dei propri dati;\u00a0<\/li>\n\n\n\n<li>la cancellazione, la trasformazione in forma anonima o il blocco dei dati trattati in violazione di legge, compresi quelli di cui non \u00e8 necessaria la conservazione in relazione alle finalit\u00e0 del trattamento;<\/li>\n\n\n\n<li>la limitazione del trattamento, quando ne ricorrano i presupposti;\u00a0<\/li>\n\n\n\n<li>l&#8217;attestazione che le operazioni precedenti sono state portate a conoscenza di coloro ai quali i dati sono stati comunicati o diffusi, eccettuato il caso in cui tale adempimento si rivela impossibile o comporti un impiego di mezzi manifestamente sproporzionato rispetto al diritto tutelato;<\/li>\n\n\n\n<li>la portabilit\u00e0 dei dati che lo riguardano, ove ne ricorrano i presupposti.<\/li>\n<\/ol>\n\n\n\n<p>I diritti di cui sopra sono esercitati con richiesta a Viceversa, mediante invio di messaggio di posta elettronica all\u2019indirizzo <a href=\"mailto:info@goviceversa.com\">info@goviceversa.com<\/a>.&nbsp;<\/p>\n\n\n\n<p>Per conoscere i propri diritti, proporre un reclamo ed essere sempre aggiornato sulla normativa in materia di tutela delle persone rispetto al trattamento dei dati personali, l\u2019interessato pu\u00f2 rivolgersi all\u2019Autorit\u00e0 Garante per la protezione dei dati personali, consultando il sito web all&#8217;indirizzo <a href=\"http:\/\/www.garanteprivacy.it\/\" target=\"_blank\" rel=\"noopener\">http:\/\/www.garanteprivacy.it\/<\/a>.<\/p>\n\n\n\n<p>Ultimo aggiornamento: aprile 2025<\/p>\n","protected":false},"excerpt":{"rendered":"<p>Titolare del trattamento \u00e8 Viceversa S.r.l., Via Bernardo Quaranta 40, 20139, Milano Le informazioni di questa Privacy policy sono fornite&#8230;<\/p>\n","protected":false},"author":1,"featured_media":0,"parent":0,"menu_order":0,"comment_status":"closed","ping_status":"closed","template":"","meta":{"_acf_changed":false,"footnotes":""},"class_list":["post-4753","page","type-page","status-publish","hentry"],"acf":[],"_links":{"self":[{"href":"https:\/\/goviceversa.com\/it\/wp-json\/wp\/v2\/pages\/4753","targetHints":{"allow":["GET"]}}],"collection":[{"href":"https:\/\/goviceversa.com\/it\/wp-json\/wp\/v2\/pages"}],"about":[{"href":"https:\/\/goviceversa.com\/it\/wp-json\/wp\/v2\/types\/page"}],"author":[{"embeddable":true,"href":"https:\/\/goviceversa.com\/it\/wp-json\/wp\/v2\/users\/1"}],"replies":[{"embeddable":true,"href":"https:\/\/goviceversa.com\/it\/wp-json\/wp\/v2\/comments?post=4753"}],"version-history":[{"count":11,"href":"https:\/\/goviceversa.com\/it\/wp-json\/wp\/v2\/pages\/4753\/revisions"}],"predecessor-version":[{"id":11393,"href":"https:\/\/goviceversa.com\/it\/wp-json\/wp\/v2\/pages\/4753\/revisions\/11393"}],"wp:attachment":[{"href":"https:\/\/goviceversa.com\/it\/wp-json\/wp\/v2\/media?parent=4753"}],"curies":[{"name":"wp","href":"https:\/\/api.w.org\/{rel}","templated":true}]}}